{"id":2703,"date":"2019-11-25T16:54:24","date_gmt":"2019-11-25T15:54:24","guid":{"rendered":"https:\/\/www.chateau-turcan.com\/contact\/"},"modified":"2021-02-05T12:36:14","modified_gmt":"2021-02-05T11:36:14","slug":"contact","status":"publish","type":"page","link":"https:\/\/www.chateau-turcan.com\/en\/contact\/","title":{"rendered":"Contact"},"content":{"rendered":"<p><div class=\"fusion-fullwidth fullwidth-box nonhundred-percent-fullwidth non-hundred-percent-height-scrolling\"  style='background-color: rgba(255,255,255,0);background-position: left top;background-repeat: no-repeat;padding-top:0px;padding-right:0px;padding-bottom:75px;padding-left:0px;border-top-width:0px;border-bottom-width:0px;border-color:#eae9e9;border-top-style:solid;border-bottom-style:solid;'><div class=\"fusion-builder-row fusion-row \"><div  class=\"fusion-layout-column fusion_builder_column fusion_builder_column_1_1  fusion-one-full fusion-column-first fusion-column-last 1_1\"  style='margin-top:0px;margin-bottom:20px;'>\n\t\t\t\t\t<div class=\"fusion-column-wrapper\" style=\"padding: 0px 0px 0px 0px;background-position:left top;background-repeat:no-repeat;-webkit-background-size:cover;-moz-background-size:cover;-o-background-size:cover;background-size:cover;\"  data-bg-url=\"\">\n\t\t\t\t\t\t<div class=\"fusion-text\"><h1 style=\"text-align: center;\">Willing to know more about us?<\/h1>\n<\/div><div class=\"fusion-sep-clear\"><\/div><div class=\"fusion-separator sep-single sep-solid\" style=\"border-color:#cbaa5c;border-top-width:1px;margin-left: auto;margin-right: auto;margin-top:0px;margin-bottom:40px;width:100%;max-width:50px;\"><\/div><div class=\"fusion-clearfix\"><\/div>\n\n\t\t\t\t\t<\/div>\n\t\t\t\t<\/div><div  data-animationType=slideInLeft data-animationDuration=1.0 data-animationOffset=100% class=\"fusion-layout-column fusion_builder_column fusion_builder_column_1_2  fusion-one-half fusion-column-first fusion-animated 1_2\"  style='margin-top:0px;margin-bottom:20px;width:48%; margin-right: 4%;'>\n\t\t\t\t\t<div class=\"fusion-column-wrapper\" style=\"padding: 0px 0px 0px 0px;background-position:left top;background-repeat:no-repeat;-webkit-background-size:cover;-moz-background-size:cover;-o-background-size:cover;background-size:cover;\"  data-bg-url=\"\">\n\t\t\t\t\t\t<div class=\"fusion-text\"><p>Our Winery, Boutique and our Museum welcome you :<\/p>\n<ul>\n<li><strong>From April 1st to June 30th and from September 1st to October 31th : <\/strong><br \/>\n10h \u2013 12h30 and 14h30 \u2013 18h except Mondays and Wednesdays morning and Sundays.<\/li>\n<li><strong>From November 1st to March 31st :<\/strong><br \/>\n10h \u2013 12h and 14h30 \u2013 17h30, except Mondays Tuesdays and Wednesdays mornings and Sundays.<\/li>\n<li><strong>From July 1st to August 31st :<\/strong><br \/>\n10h \u2013 12h30 and 15h \u2013 19h30<strong>Everyday<\/strong><\/li>\n<\/ul>\n<p><strong>Special openings during school breaks and long weekends, or upon request. Please contact us.<\/strong><\/p>\n<p><strong>RATES<\/strong><br \/>\n<strong>Visit of the museum with wine tasting (3Wines)<\/strong><br \/>\n<strong>\u20ac 5 per person over 16 years old<\/strong><br \/>\n<strong>Groups from 15 people: 4 \u20ac per adult<\/strong><\/p>\n<\/div><div class=\"fusion-clearfix\"><\/div>\n\n\t\t\t\t\t<\/div>\n\t\t\t\t<\/div><div  data-animationType=slideInRight data-animationDuration=1.0 data-animationOffset=100% class=\"fusion-layout-column fusion_builder_column fusion_builder_column_1_2  fusion-one-half fusion-column-last fusion-animated 1_2\"  style='margin-top:0px;margin-bottom:20px;width:48%'>\n\t\t\t\t\t<div class=\"fusion-column-wrapper\" style=\"border:1px solid #ebeef1;padding: 40px 40px 40px 40px;background-image: url('\/wp-content\/uploads\/2015\/02\/feat_room_bg1-1024x332.jpg');background-position:right center;background-repeat:no-repeat;-webkit-background-size:cover;-moz-background-size:cover;-o-background-size:cover;background-size:cover;\"  data-bg-url=\"\/wp-content\/uploads\/2015\/02\/feat_room_bg1-1024x332.jpg\">\n\t\t\t\t\t\t<div class=\"imageframe-liftup\"><span style=\"border:13px solid #ffffff;-moz-box-shadow: 2px 3px 7px rgba(0,0,0,.3);-webkit-box-shadow: 2px 3px 7px rgba(0,0,0,.3);box-shadow: 2px 3px 7px rgba(0,0,0,.3);\" class=\"fusion-imageframe imageframe-dropshadow imageframe-1\"><a href=\"\/wp-content\/uploads\/2018\/12\/Turcan-90.jpg\" class=\"fusion-lightbox\" data-rel=\"iLightbox[0a53b2216646abadcc5]\"><img decoding=\"async\" src=\"\/wp-content\/uploads\/2018\/12\/Turcan-90.jpg\" width=\"\" height=\"\" alt=\"\" class=\"img-responsive\"\/><\/a><\/span><\/div><div class=\"fusion-clearfix\"><\/div>\n\n\t\t\t\t\t<\/div>\n\t\t\t\t<\/div><div  class=\"fusion-layout-column fusion_builder_column fusion_builder_column_1_1  fusion-one-full fusion-column-first fusion-column-last 1_1\"  style='margin-top:0px;margin-bottom:20px;'>\n\t\t\t\t\t<div class=\"fusion-column-wrapper\" style=\"padding: 0px 0px 0px 0px;background-position:left top;background-repeat:no-repeat;-webkit-background-size:cover;-moz-background-size:cover;-o-background-size:cover;background-size:cover;\"  data-bg-url=\"\">\n\t\t\t\t\t\t<div class=\"fusion-text\"><p style=\"text-align: center;\">CH\u00c2TEAU TURCAN<br \/>\n1740 Route d\u00e9partementale 56 84240 Ansouis &#8211; France<br \/>\nT\u00e9l. and Fax : (33) 4 90 09 83 33<\/p>\n<p style=\"text-align: center;\"><strong>contact@chateau-turcan.com<\/strong><\/p>\n<p style=\"text-align: center;\">30 km from Aix en Provence and 75 km from Avignon<br \/>\nGPS coordinates: Lat x Lon: 43.7356555, 5.488892<\/p>\n<\/div><div class=\"fusion-clearfix\"><\/div>\n\n\t\t\t\t\t<\/div>\n\t\t\t\t<\/div><\/div><\/div><div class=\"fusion-fullwidth fullwidth-box nonhundred-percent-fullwidth non-hundred-percent-height-scrolling\"  style='background-color: #f4f6f8;background-position: left top;background-repeat: no-repeat;padding-top:0px;padding-right:0px;padding-bottom:55px;padding-left:0px;margin-bottom: 0px;border-top-width:0px;border-bottom-width:0px;border-color:#eae9e9;border-top-style:solid;border-bottom-style:solid;'><div class=\"fusion-builder-row fusion-row \"><div  data-animationType=slideInUp data-animationDuration=1.0 data-animationOffset=100% class=\"fusion-layout-column fusion_builder_column fusion_builder_column_1_1  fusion-one-full fusion-column-first fusion-column-last fusion-column-no-min-height fusion-animated 1_1\"  style='margin-top:0px;margin-bottom:0px;'>\n\t\t\t\t\t<div class=\"fusion-column-wrapper\" style=\"padding: 0px 0px 0px 0px;background-position:left top;background-repeat:no-repeat;-webkit-background-size:cover;-moz-background-size:cover;-o-background-size:cover;background-size:cover;\"  data-bg-url=\"\">\n\t\t\t\t\t\t<div class=\"imageframe-align-center\"><span class=\"fusion-imageframe imageframe-none imageframe-2 hover-type-none\"><img decoding=\"async\" src=\"\/wp-content\/uploads\/2015\/01\/tache-vin.png\" width=\"\" height=\"\" alt=\"\" title=\"\" class=\"img-responsive\"\/><\/span><\/div><div class=\"fusion-sep-clear\"><\/div><div class=\"fusion-separator fusion-full-width-sep sep-none\" style=\"margin-left: auto;margin-right: auto;margin-top:30px;margin-bottom:30px;\"><\/div><div class=\"fusion-clearfix\"><\/div>\n\n\t\t\t\t\t<\/div>\n\t\t\t\t<\/div><div  data-animationType=fadeInUp data-animationDuration=0.3 data-animationOffset=100% class=\"fusion-layout-column fusion_builder_column fusion_builder_column_1_1  fusion-one-full fusion-column-first fusion-column-last fusion-column-no-min-height fusion-animated 1_1\"  style='margin-top:0px;margin-bottom:0px;'>\n\t\t\t\t\t<div class=\"fusion-column-wrapper\" style=\"padding: 0px 0px 0px 0px;background-position:left top;background-repeat:no-repeat;-webkit-background-size:cover;-moz-background-size:cover;-o-background-size:cover;background-size:cover;\"  data-bg-url=\"\">\n\t\t\t\t\t\t<div class=\"fusion-text\"><p class=\"wpcf7-contact-form-not-found\"><strong>Error:<\/strong> Contact form not found.<\/p>\n<\/div><div class=\"fusion-clearfix\"><\/div>\n\n\t\t\t\t\t<\/div>\n\t\t\t\t<\/div><\/div><\/div><div class=\"fusion-fullwidth fullwidth-box nonhundred-percent-fullwidth non-hundred-percent-height-scrolling\"  style='background-color: rgba(255,255,255,0);background-position: center center;background-repeat: no-repeat;padding-top:0px;padding-right:0px;padding-bottom:0px;padding-left:0px;'><div class=\"fusion-builder-row fusion-row \"><div  class=\"fusion-layout-column fusion_builder_column fusion_builder_column_1_1  fusion-one-full fusion-column-first fusion-column-last 1_1\"  style='margin-top:0px;margin-bottom:20px;'>\n\t\t\t\t\t<div class=\"fusion-column-wrapper\" style=\"padding: 0px 0px 0px 0px;background-position:left top;background-repeat:no-repeat;-webkit-background-size:cover;-moz-background-size:cover;-o-background-size:cover;background-size:cover;\"  data-bg-url=\"\">\n\t\t\t\t\t\t<div class=\"fusion-clearfix\"><\/div>\n\n\t\t\t\t\t<\/div>\n\t\t\t\t<\/div><\/div><\/div><div class=\"fusion-fullwidth fullwidth-box fusion-parallax-none padding-responsive nonhundred-percent-fullwidth non-hundred-percent-height-scrolling fusion-equal-height-columns\"  style='background-color: rgba(255,255,255,0);background-image: url(\"\/wp-content\/uploads\/2015\/01\/home-img-3.jpg\");background-position: center center;background-repeat: no-repeat;padding-top:0px;padding-right:0px;padding-bottom:0px;padding-left:0px;margin-bottom: 0px;border-top-width:0px;border-bottom-width:0px;border-color:#eae9e9;border-top-style:solid;border-bottom-style:solid;-webkit-background-size:cover;-moz-background-size:cover;-o-background-size:cover;background-size:cover;'><div class=\"fusion-builder-row fusion-row \"><div  class=\"fusion-layout-column fusion_builder_column fusion_builder_column_1_3  fusion-one-third fusion-column-first 1_3\"  style='margin-top:0px;margin-bottom:0px;'>\n\t\t\t\t\t<div class=\"fusion-column-wrapper\" style=\"padding: 0px 0px 0px 0px;background-position:right top;background-repeat:no-repeat;-webkit-background-size:cover;-moz-background-size:cover;-o-background-size:cover;background-size:cover;\"  data-bg-url=\"\">\n\t\t\t\t\t\t<div class=\"fusion-clearfix\"><\/div>\n\n\t\t\t\t\t<\/div>\n\t\t\t\t<\/div><div  data-animationType=slideInDown data-animationDuration=1.0 data-animationOffset=50% class=\"fusion-layout-column fusion_builder_column fusion_builder_column_1_3  fusion-one-third saumon fusion-animated 1_3\"  style='margin-top:0px;margin-bottom:0px;'>\n\t\t\t\t\t<div class=\"fusion-column-wrapper\" style=\"padding: 40px 40px 40px 40px;background-position:left top;background-repeat:no-repeat;-webkit-background-size:cover;-moz-background-size:cover;-o-background-size:cover;background-size:cover;\"  data-bg-url=\"\">\n\t\t\t\t\t\t<div class=\"imageframe-align-center\"><span class=\"fusion-imageframe imageframe-none imageframe-3 hover-type-none\"><img decoding=\"async\" src=\"\/wp-content\/uploads\/2018\/07\/chateau-turcan-logo-footer.png\" width=\"\" height=\"\" alt=\"\" title=\"\" class=\"img-responsive\"\/><\/span><\/div><div class=\"fusion-text\"><h3 style=\"text-align: center;\">A space with rich history, in the heart of the Luberon.<\/h3>\n<\/div><div class=\"fusion-clearfix\"><\/div>\n\n\t\t\t\t\t<\/div>\n\t\t\t\t<\/div><div  class=\"fusion-layout-column fusion_builder_column fusion_builder_column_1_3  fusion-one-third fusion-column-last 1_3\"  style='margin-top:0px;margin-bottom:0px;'>\n\t\t\t\t\t<div class=\"fusion-column-wrapper\" style=\"padding: 0px 0px 0px 0px;background-position:left top;background-repeat:no-repeat;-webkit-background-size:cover;-moz-background-size:cover;-o-background-size:cover;background-size:cover;\"  data-bg-url=\"\">\n\t\t\t\t\t\t<div class=\"fusion-clearfix\"><\/div>\n\n\t\t\t\t\t<\/div>\n\t\t\t\t<\/div><\/div><\/div><div class=\"fusion-fullwidth fullwidth-box padding-responsive hundred-percent-fullwidth non-hundred-percent-height-scrolling\"  style='background-color: rgba(255,255,255,0);background-position: center center;background-repeat: no-repeat;padding-top:0px;padding-right:0px;padding-bottom:0px;padding-left:0px;margin-bottom: 0px;margin-top: 0px;'><div class=\"fusion-builder-row fusion-row \"><div  class=\"fusion-layout-column fusion_builder_column fusion_builder_column_1_1  fusion-one-full fusion-column-first fusion-column-last 1_1\"  style='margin-top:0px;margin-bottom:0px;'>\n\t\t\t\t\t<div class=\"fusion-column-wrapper\" style=\"padding: 0px 0px 0px 0px;background-position:left top;background-repeat:no-repeat;-webkit-background-size:cover;-moz-background-size:cover;-o-background-size:cover;background-size:cover;\"  data-bg-url=\"\">\n\t\t\t\t\t\t\t\t\t\t\t<script type=\"text\/javascript\">\n\t\t\t\t\t\tvar map_fusion_map_69f362639ec48;\n\t\t\t\t\t\tvar markers = [];\n\t\t\t\t\t\tvar counter = 0;\n\t\t\t\t\t\t\t\t\t\t\t\t\t\t\t\t\t\t\t\tvar fusionMapNonce = '93e7d4c6dd';\n\t\t\t\t\t\t\t\t\t\t\t\tfunction fusion_run_map_fusion_map_69f362639ec48() {\n\t\t\t\t\t\t\tjQuery('#fusion_map_69f362639ec48').fusion_maps({\n\t\t\t\t\t\t\t\taddresses: [{\"address\":\"Ch\\u00e2teau Turcan Route de Pertuis, 84240 Ansouis\",\"infobox_content\":\"Ch\\u00e2teau Turcan\\nRoute de Pertuis\\n84240 Ansouis\",\"coordinates\":false,\"cache\":true,\"latitude\":\"43.73545559999999\",\"longitude\":\"5.4887357000000065\"}],\n\t\t\t\t\t\t\t\tanimations: true,\n\t\t\t\t\t\t\t\tinfobox_background_color: '',\n\t\t\t\t\t\t\t\tinfobox_styling: 'default',\n\t\t\t\t\t\t\t\tinfobox_text_color: '',\n\t\t\t\t\t\t\t\tmap_style: 'custom',\n\t\t\t\t\t\t\t\tmap_type: 'roadmap',\n\t\t\t\t\t\t\t\tmarker_icon: '',\n\t\t\t\t\t\t\t\toverlay_color: '#cccccc',\n\t\t\t\t\t\t\t\toverlay_color_hsl: {\"hue\":0,\"sat\":0,\"lum\":80},\n\t\t\t\t\t\t\t\tpan_control: true,\n\t\t\t\t\t\t\t\tshow_address: true,\n\t\t\t\t\t\t\t\tscale_control: true,\n\t\t\t\t\t\t\t\tscrollwheel: false,\n\t\t\t\t\t\t\t\tzoom: 11,\n\t\t\t\t\t\t\t\tzoom_control: true,\n\t\t\t\t\t\t\t});\n\t\t\t\t\t\t}\n\n\t\t\t\t\t\tgoogle.maps.event.addDomListener(window, 'load', fusion_run_map_fusion_map_69f362639ec48);\n\t\t\t\t\t<\/script>\n\t\t\t\t\t<div class=\"shortcode-map fusion-google-map\" id=\"fusion_map_69f362639ec48\" style=\"height:600px;width:100%;\"><\/div><div class=\"fusion-clearfix\"><\/div>\n\n\t\t\t\t\t<\/div>\n\t\t\t\t<\/div><\/div><\/div><\/p>\n","protected":false},"excerpt":{"rendered":"","protected":false},"author":3,"featured_media":0,"parent":0,"menu_order":7,"comment_status":"open","ping_status":"open","template":"100-width.php","meta":{"inline_featured_image":false,"footnotes":""},"yoast_head":"<!-- This site is optimized with the Yoast SEO plugin v21.7 - https:\/\/yoast.com\/wordpress\/plugins\/seo\/ -->\n<title>Contactez le Ch\u00e2teau Turcan<\/title>\n<meta name=\"description\" content=\"Pour pr\u00e9parer votre s\u00e9jour dans notre g\u00eete au coeur du Luberon, pour organiser vos plus beaux \u00e9v\u00e8nements ou pour venir visiter notre mus\u00e9e des arts et des m\u00e9tiers du vin... Contactez notre \u00e9quipe ! Ch\u00e2teau Turcan se situe \u00e0 2km des villages pittoresques d\u2019Ansouis, Lourmarin et Cucuron.\" \/>\n<meta name=\"robots\" content=\"index, follow, max-snippet:-1, max-image-preview:large, max-video-preview:-1\" \/>\n<link rel=\"canonical\" href=\"https:\/\/www.chateau-turcan.com\/en\/contact\/\" \/>\n<meta property=\"og:locale\" content=\"en_US\" \/>\n<meta property=\"og:type\" content=\"article\" \/>\n<meta property=\"og:title\" content=\"Contactez le Ch\u00e2teau Turcan\" \/>\n<meta property=\"og:description\" content=\"Pour pr\u00e9parer votre s\u00e9jour dans notre g\u00eete au coeur du Luberon, pour organiser vos plus beaux \u00e9v\u00e8nements ou pour venir visiter notre mus\u00e9e des arts et des m\u00e9tiers du vin... Contactez notre \u00e9quipe ! Ch\u00e2teau Turcan se situe \u00e0 2km des villages pittoresques d\u2019Ansouis, Lourmarin et Cucuron.\" \/>\n<meta property=\"og:url\" content=\"https:\/\/www.chateau-turcan.com\/en\/contact\/\" \/>\n<meta property=\"og:site_name\" content=\"Ch\u00e2teau Turcan\" \/>\n<meta property=\"article:publisher\" content=\"https:\/\/www.facebook.com\/profile.php?id=100014899874251\" \/>\n<meta property=\"article:modified_time\" content=\"2021-02-05T11:36:14+00:00\" \/>\n<meta property=\"og:image\" content=\"https:\/\/www.chateau-turcan.com\/wp-content\/uploads\/2018\/06\/fb-turcan.jpg\" \/>\n\t<meta property=\"og:image:width\" content=\"880\" \/>\n\t<meta property=\"og:image:height\" content=\"660\" \/>\n\t<meta property=\"og:image:type\" content=\"image\/jpeg\" \/>\n<meta name=\"twitter:card\" content=\"summary_large_image\" \/>\n<meta name=\"twitter:label1\" content=\"Est. reading time\" \/>\n\t<meta name=\"twitter:data1\" content=\"9 minutes\" \/>\n<script type=\"application\/ld+json\" class=\"yoast-schema-graph\">{\"@context\":\"https:\/\/schema.org\",\"@graph\":[{\"@type\":\"WebPage\",\"@id\":\"https:\/\/www.chateau-turcan.com\/en\/contact\/\",\"url\":\"https:\/\/www.chateau-turcan.com\/en\/contact\/\",\"name\":\"Contactez le Ch\u00e2teau Turcan\",\"isPartOf\":{\"@id\":\"https:\/\/www.chateau-turcan.com\/en\/#website\"},\"datePublished\":\"2019-11-25T15:54:24+00:00\",\"dateModified\":\"2021-02-05T11:36:14+00:00\",\"description\":\"Pour pr\u00e9parer votre s\u00e9jour dans notre g\u00eete au coeur du Luberon, pour organiser vos plus beaux \u00e9v\u00e8nements ou pour venir visiter notre mus\u00e9e des arts et des m\u00e9tiers du vin... Contactez notre \u00e9quipe ! Ch\u00e2teau Turcan se situe \u00e0 2km des villages pittoresques d\u2019Ansouis, Lourmarin et Cucuron.\",\"breadcrumb\":{\"@id\":\"https:\/\/www.chateau-turcan.com\/en\/contact\/#breadcrumb\"},\"inLanguage\":\"en-US\",\"potentialAction\":[{\"@type\":\"ReadAction\",\"target\":[\"https:\/\/www.chateau-turcan.com\/en\/contact\/\"]}]},{\"@type\":\"BreadcrumbList\",\"@id\":\"https:\/\/www.chateau-turcan.com\/en\/contact\/#breadcrumb\",\"itemListElement\":[{\"@type\":\"ListItem\",\"position\":1,\"name\":\"Accueil\",\"item\":\"https:\/\/www.chateau-turcan.com\/en\/\"},{\"@type\":\"ListItem\",\"position\":2,\"name\":\"Contact\"}]},{\"@type\":\"WebSite\",\"@id\":\"https:\/\/www.chateau-turcan.com\/en\/#website\",\"url\":\"https:\/\/www.chateau-turcan.com\/en\/\",\"name\":\"Ch\u00e2teau Turcan\",\"description\":\"Domaine viticole, g\u00eete et mus\u00e9e \u00e0 Ansouis\",\"potentialAction\":[{\"@type\":\"SearchAction\",\"target\":{\"@type\":\"EntryPoint\",\"urlTemplate\":\"https:\/\/www.chateau-turcan.com\/en\/?s={search_term_string}\"},\"query-input\":\"required name=search_term_string\"}],\"inLanguage\":\"en-US\"}]}<\/script>\n<!-- \/ Yoast SEO plugin. -->","yoast_head_json":{"title":"Contactez le Ch\u00e2teau Turcan","description":"Pour pr\u00e9parer votre s\u00e9jour dans notre g\u00eete au coeur du Luberon, pour organiser vos plus beaux \u00e9v\u00e8nements ou pour venir visiter notre mus\u00e9e des arts et des m\u00e9tiers du vin... Contactez notre \u00e9quipe ! Ch\u00e2teau Turcan se situe \u00e0 2km des villages pittoresques d\u2019Ansouis, Lourmarin et Cucuron.","robots":{"index":"index","follow":"follow","max-snippet":"max-snippet:-1","max-image-preview":"max-image-preview:large","max-video-preview":"max-video-preview:-1"},"canonical":"https:\/\/www.chateau-turcan.com\/en\/contact\/","og_locale":"en_US","og_type":"article","og_title":"Contactez le Ch\u00e2teau Turcan","og_description":"Pour pr\u00e9parer votre s\u00e9jour dans notre g\u00eete au coeur du Luberon, pour organiser vos plus beaux \u00e9v\u00e8nements ou pour venir visiter notre mus\u00e9e des arts et des m\u00e9tiers du vin... Contactez notre \u00e9quipe ! Ch\u00e2teau Turcan se situe \u00e0 2km des villages pittoresques d\u2019Ansouis, Lourmarin et Cucuron.","og_url":"https:\/\/www.chateau-turcan.com\/en\/contact\/","og_site_name":"Ch\u00e2teau Turcan","article_publisher":"https:\/\/www.facebook.com\/profile.php?id=100014899874251","article_modified_time":"2021-02-05T11:36:14+00:00","og_image":[{"width":880,"height":660,"url":"https:\/\/www.chateau-turcan.com\/wp-content\/uploads\/2018\/06\/fb-turcan.jpg","type":"image\/jpeg"}],"twitter_card":"summary_large_image","twitter_misc":{"Est. reading time":"9 minutes"},"schema":{"@context":"https:\/\/schema.org","@graph":[{"@type":"WebPage","@id":"https:\/\/www.chateau-turcan.com\/en\/contact\/","url":"https:\/\/www.chateau-turcan.com\/en\/contact\/","name":"Contactez le Ch\u00e2teau Turcan","isPartOf":{"@id":"https:\/\/www.chateau-turcan.com\/en\/#website"},"datePublished":"2019-11-25T15:54:24+00:00","dateModified":"2021-02-05T11:36:14+00:00","description":"Pour pr\u00e9parer votre s\u00e9jour dans notre g\u00eete au coeur du Luberon, pour organiser vos plus beaux \u00e9v\u00e8nements ou pour venir visiter notre mus\u00e9e des arts et des m\u00e9tiers du vin... Contactez notre \u00e9quipe ! Ch\u00e2teau Turcan se situe \u00e0 2km des villages pittoresques d\u2019Ansouis, Lourmarin et Cucuron.","breadcrumb":{"@id":"https:\/\/www.chateau-turcan.com\/en\/contact\/#breadcrumb"},"inLanguage":"en-US","potentialAction":[{"@type":"ReadAction","target":["https:\/\/www.chateau-turcan.com\/en\/contact\/"]}]},{"@type":"BreadcrumbList","@id":"https:\/\/www.chateau-turcan.com\/en\/contact\/#breadcrumb","itemListElement":[{"@type":"ListItem","position":1,"name":"Accueil","item":"https:\/\/www.chateau-turcan.com\/en\/"},{"@type":"ListItem","position":2,"name":"Contact"}]},{"@type":"WebSite","@id":"https:\/\/www.chateau-turcan.com\/en\/#website","url":"https:\/\/www.chateau-turcan.com\/en\/","name":"Ch\u00e2teau Turcan","description":"Domaine viticole, g\u00eete et mus\u00e9e \u00e0 Ansouis","potentialAction":[{"@type":"SearchAction","target":{"@type":"EntryPoint","urlTemplate":"https:\/\/www.chateau-turcan.com\/en\/?s={search_term_string}"},"query-input":"required name=search_term_string"}],"inLanguage":"en-US"}]}},"_links":{"self":[{"href":"https:\/\/www.chateau-turcan.com\/en\/wp-json\/wp\/v2\/pages\/2703"}],"collection":[{"href":"https:\/\/www.chateau-turcan.com\/en\/wp-json\/wp\/v2\/pages"}],"about":[{"href":"https:\/\/www.chateau-turcan.com\/en\/wp-json\/wp\/v2\/types\/page"}],"author":[{"embeddable":true,"href":"https:\/\/www.chateau-turcan.com\/en\/wp-json\/wp\/v2\/users\/3"}],"replies":[{"embeddable":true,"href":"https:\/\/www.chateau-turcan.com\/en\/wp-json\/wp\/v2\/comments?post=2703"}],"version-history":[{"count":1,"href":"https:\/\/www.chateau-turcan.com\/en\/wp-json\/wp\/v2\/pages\/2703\/revisions"}],"predecessor-version":[{"id":2770,"href":"https:\/\/www.chateau-turcan.com\/en\/wp-json\/wp\/v2\/pages\/2703\/revisions\/2770"}],"wp:attachment":[{"href":"https:\/\/www.chateau-turcan.com\/en\/wp-json\/wp\/v2\/media?parent=2703"}],"curies":[{"name":"wp","href":"https:\/\/api.w.org\/{rel}","templated":true}]}}