{"id":2709,"date":"2019-11-26T09:20:57","date_gmt":"2019-11-26T08:20:57","guid":{"rendered":"https:\/\/www.chateau-turcan.com\/whats-new\/"},"modified":"2019-11-26T09:36:06","modified_gmt":"2019-11-26T08:36:06","slug":"whats-new","status":"publish","type":"page","link":"https:\/\/www.chateau-turcan.com\/en\/whats-new\/","title":{"rendered":"What&#8217;s new ?"},"content":{"rendered":"<div class=\"fusion-fullwidth fullwidth-box nonhundred-percent-fullwidth non-hundred-percent-height-scrolling\"  style='background-color: rgba(255,255,255,0);background-position: left top;background-repeat: no-repeat;padding-top:20px;padding-right:0px;padding-bottom:95px;padding-left:0px;border-top-width:0px;border-bottom-width:0px;border-color:#eae9e9;border-top-style:solid;border-bottom-style:solid;'><div class=\"fusion-builder-row fusion-row \"><div  class=\"fusion-layout-column fusion_builder_column fusion_builder_column_2_3  fusion-two-third fusion-column-first 2_3\"  style='margin-top:0px;margin-bottom:20px;width:66.66%;width:calc(66.66% - ( ( 4% ) * 0.6666 ) );margin-right: 4%;'>\n\t\t\t\t\t<div class=\"fusion-column-wrapper\" style=\"padding: 0px 0px 0px 0px;background-position:left top;background-repeat:no-repeat;-webkit-background-size:cover;-moz-background-size:cover;-o-background-size:cover;background-size:cover;\"  data-bg-url=\"\">\n\t\t\t\t\t\t<div class=\"fusion-blog-shortcode fusion-blog-shortcode-1 fusion-blog-archive fusion-blog-layout-medium fusion-blog-pagination\"><div class=\"fusion-posts-container fusion-posts-container-pagination fusion-blog-rollover\" data-pages=\"1\"><article id=\"blog-1-post-2704\" class=\"fusion-post-medium post-2704 post type-post status-publish format-standard hentry category-the-castle\">\n\t<style type=\"text\/css\">\n\t\t\n\t\t\n\t\t\n\t\t\n\t\t\t<\/style>\n\n\n<div class=\"fusion-post-content post-content\"><h2 class=\"blog-shortcode-post-title entry-title\"><a href=\"https:\/\/www.chateau-turcan.com\/en\/welcome-to-chateau-turcan-website\/\">Welcome to Ch\u00e2teau Turcan website<\/a><\/h2><div class=\"fusion-post-content-container\"><p>Discover or rediscover the magic of these places through our new website&#8230;<\/p>\n<ul>\n<li>You are an amateur of <a href=\"\/notre-domaine-et-ses-vins\/\"><strong>good wines<\/strong><\/a> ? Discover our estate and our wines marked by traditional and family values, and then place your order by e-mail or telephone.<\/li>\n<\/ul>\n<ul>\n<li>You need a moment of relaxation in the heart of the Luberon? Book a stay in our bastide Saint Philippe, ideal to rest and organize trips with family or friends.<\/li>\n<\/ul>\n<ul>\n<li>You wish to organize a private or professional event ?<a href=\"\/salles-de-reception\/\"><strong>Our receptions<\/strong><\/a>spaces will provide you with a change of scenery in a charming place, outside of time.<\/li>\n<\/ul>\n<ul>\n<li>You are interested by<a href=\"\/musee\/\"><strong>wine history and culture<\/strong><\/a> ? Our museum welcomes you to discover this world across the ages.<\/li>\n<\/ul>\n<p style=\"text-align: center;\">Ch\u00e2teau Turcan has a new website to extend the experience&#8230;<br \/>\nBrowse, discover and live to the rhythm of Provence.<\/p>\n<\/div><\/div><div class=\"fusion-clearfix\"><\/div><div class=\"fusion-meta-info\"><div class=\"fusion-alignleft\">\n\t\t\t\n\t\t\t\t\t\t\t<span class=\"vcard\" style=\"display: none;\">\n\t\t\t\t\t<span class=\"fn\">\n\t\t\t\t\t\t<a href=\"https:\/\/www.chateau-turcan.com\/en\/author\/onallis\/\" title=\"Posts by Olivier Nallis\" rel=\"author\">Olivier Nallis<\/a>\t\t\t\t\t<\/span>\n\t\t\t\t<\/span>\n\t\t\t\n\t\t\t\n\t\t\n\t\t\t\n\t\t\t\n\t\t\t\t\t\t\t<span class=\"updated\" style=\"display:none;\">\n\t\t\t\t\t2019-11-25T17:11:32+01:00\t\t\t\t<\/span>\n\t\t\t\n\t\t<span>25 November 2019<\/span><span class=\"fusion-inline-sep\">|<\/span><\/div><div class=\"fusion-alignright\"><a class=\"fusion-read-more\" href=\"https:\/\/www.chateau-turcan.com\/en\/welcome-to-chateau-turcan-website\/\">Read More<\/a><\/div><\/div><\/article>\n<\/div><\/div><div class=\"fusion-clearfix\"><\/div>\n\n\t\t\t\t\t<\/div>\n\t\t\t\t<\/div><div  class=\"fusion-layout-column fusion_builder_column fusion_builder_column_1_3  fusion-one-third fusion-column-first 1_3\"  style='margin-top:0px;margin-bottom:20px;width:30.6666%; margin-right: 4%;'>\n\t\t\t\t\t<div class=\"fusion-column-wrapper\" style=\"padding: 0px 0px 0px 0px;background-position:left top;background-repeat:no-repeat;-webkit-background-size:cover;-moz-background-size:cover;-o-background-size:cover;background-size:cover;\"  data-bg-url=\"\">\n\t\t\t\t\t\t<div class=\"fusion-widget-area fusion-widget-area-1 fusion-content-widget-area\"><style type=\"text\/css\" scoped=\"scoped\">.fusion-widget-area-1 {padding:0px 0px 0px 0px;}.fusion-widget-area-1 .widget h4 {color:#171717;}.fusion-widget-area-1 .widget .heading h4 {color:#171717;}.fusion-widget-area-1 .widget h4 {font-size:18px;}.fusion-widget-area-1 .widget .heading h4 {font-size:18px;}<\/style><section id=\"search-2\" class=\"widget widget_search\"><div class=\"heading\"><h4 class=\"widget-title\">Search<\/h4><\/div><form role=\"search\" class=\"searchform\" method=\"get\" action=\"https:\/\/www.chateau-turcan.com\/en\/\">\n\t<div class=\"search-table\">\n\t\t<div class=\"search-field\">\n\t\t\t<input type=\"text\" value=\"\" name=\"s\" class=\"s\" placeholder=\"Search ...\" required aria-required=\"true\" aria-label=\"Search ...\"\/>\n\t\t<\/div>\n\t\t<div class=\"search-button\">\n\t\t\t<input type=\"submit\" class=\"searchsubmit\" value=\"&#xf002;\" \/>\n\t\t<\/div>\n\t<\/div>\n<\/form>\n<\/section>\n\t\t<section id=\"recent-posts-2\" class=\"widget widget_recent_entries\">\n\t\t<div class=\"heading\"><h4 class=\"widget-title\">Recent Posts<\/h4><\/div>\n\t\t<ul>\n\t\t\t\t\t\t\t\t\t\t\t<li>\n\t\t\t\t\t<a href=\"https:\/\/www.chateau-turcan.com\/en\/welcome-to-chateau-turcan-website\/\">Welcome to Ch\u00e2teau Turcan website<\/a>\n\t\t\t\t\t\t\t\t\t<\/li>\n\t\t\t\t\t<\/ul>\n\n\t\t<\/section><section id=\"categories-2\" class=\"widget widget_categories\"><div class=\"heading\"><h4 class=\"widget-title\">Categories<\/h4><\/div>\n\t\t\t<ul>\n\t\t\t\t\t<li class=\"cat-item cat-item-35\"><a href=\"https:\/\/www.chateau-turcan.com\/en\/category\/the-castle\/\">The castle<\/a>\n<\/li>\n\t\t\t<\/ul>\n\n\t\t\t<\/section><section id=\"archives-2\" class=\"widget widget_archive\"><div class=\"heading\"><h4 class=\"widget-title\">Archives<\/h4><\/div>\n\t\t\t<ul>\n\t\t\t\t\t<li><a href='https:\/\/www.chateau-turcan.com\/en\/2019\/11\/'>November 2019<\/a><\/li>\n\t\t\t<\/ul>\n\n\t\t\t<\/section><div class=\"fusion-additional-widget-content\"><\/div><\/div><div class=\"fusion-clearfix\"><\/div>\n\n\t\t\t\t\t<\/div>\n\t\t\t\t<\/div><\/div><\/div>\n","protected":false},"excerpt":{"rendered":"","protected":false},"author":3,"featured_media":0,"parent":0,"menu_order":4,"comment_status":"open","ping_status":"closed","template":"100-width.php","meta":{"inline_featured_image":false,"footnotes":""},"yoast_head":"<!-- This site is optimized with the Yoast SEO plugin v21.7 - https:\/\/yoast.com\/wordpress\/plugins\/seo\/ -->\n<title>News - Ch\u00e2teau Turcan, domaine dans le Luberon<\/title>\n<meta name=\"description\" content=\"News et actualit\u00e9s du Ch\u00e2teau Turcan, un domaine nich\u00e9 au c\u0153ur du parc r\u00e9gional du Luberon.\" \/>\n<meta name=\"robots\" content=\"index, follow, max-snippet:-1, max-image-preview:large, max-video-preview:-1\" \/>\n<link rel=\"canonical\" href=\"https:\/\/www.chateau-turcan.com\/en\/whats-new\/\" \/>\n<meta property=\"og:locale\" content=\"en_US\" \/>\n<meta property=\"og:type\" content=\"article\" \/>\n<meta property=\"og:title\" content=\"News - Ch\u00e2teau Turcan, domaine dans le Luberon\" \/>\n<meta property=\"og:description\" content=\"News et actualit\u00e9s du Ch\u00e2teau Turcan, un domaine nich\u00e9 au c\u0153ur du parc r\u00e9gional du Luberon.\" \/>\n<meta property=\"og:url\" content=\"https:\/\/www.chateau-turcan.com\/en\/whats-new\/\" \/>\n<meta property=\"og:site_name\" content=\"Ch\u00e2teau Turcan\" \/>\n<meta property=\"article:publisher\" content=\"https:\/\/www.facebook.com\/profile.php?id=100014899874251\" \/>\n<meta property=\"article:modified_time\" content=\"2019-11-26T08:36:06+00:00\" \/>\n<meta property=\"og:image\" content=\"https:\/\/www.chateau-turcan.com\/wp-content\/uploads\/2018\/06\/fb-turcan.jpg\" \/>\n\t<meta property=\"og:image:width\" content=\"880\" \/>\n\t<meta property=\"og:image:height\" content=\"660\" \/>\n\t<meta property=\"og:image:type\" content=\"image\/jpeg\" \/>\n<meta name=\"twitter:card\" content=\"summary_large_image\" \/>\n<meta name=\"twitter:label1\" content=\"Est. reading time\" \/>\n\t<meta name=\"twitter:data1\" content=\"2 minutes\" \/>\n<script type=\"application\/ld+json\" class=\"yoast-schema-graph\">{\"@context\":\"https:\/\/schema.org\",\"@graph\":[{\"@type\":\"WebPage\",\"@id\":\"https:\/\/www.chateau-turcan.com\/en\/whats-new\/\",\"url\":\"https:\/\/www.chateau-turcan.com\/en\/whats-new\/\",\"name\":\"News - Ch\u00e2teau Turcan, domaine dans le Luberon\",\"isPartOf\":{\"@id\":\"https:\/\/www.chateau-turcan.com\/en\/#website\"},\"datePublished\":\"2019-11-26T08:20:57+00:00\",\"dateModified\":\"2019-11-26T08:36:06+00:00\",\"description\":\"News et actualit\u00e9s du Ch\u00e2teau Turcan, un domaine nich\u00e9 au c\u0153ur du parc r\u00e9gional du Luberon.\",\"breadcrumb\":{\"@id\":\"https:\/\/www.chateau-turcan.com\/en\/whats-new\/#breadcrumb\"},\"inLanguage\":\"en-US\",\"potentialAction\":[{\"@type\":\"ReadAction\",\"target\":[\"https:\/\/www.chateau-turcan.com\/en\/whats-new\/\"]}]},{\"@type\":\"BreadcrumbList\",\"@id\":\"https:\/\/www.chateau-turcan.com\/en\/whats-new\/#breadcrumb\",\"itemListElement\":[{\"@type\":\"ListItem\",\"position\":1,\"name\":\"Accueil\",\"item\":\"https:\/\/www.chateau-turcan.com\/en\/\"},{\"@type\":\"ListItem\",\"position\":2,\"name\":\"What&#8217;s new ?\"}]},{\"@type\":\"WebSite\",\"@id\":\"https:\/\/www.chateau-turcan.com\/en\/#website\",\"url\":\"https:\/\/www.chateau-turcan.com\/en\/\",\"name\":\"Ch\u00e2teau Turcan\",\"description\":\"Domaine viticole, g\u00eete et mus\u00e9e \u00e0 Ansouis\",\"potentialAction\":[{\"@type\":\"SearchAction\",\"target\":{\"@type\":\"EntryPoint\",\"urlTemplate\":\"https:\/\/www.chateau-turcan.com\/en\/?s={search_term_string}\"},\"query-input\":\"required name=search_term_string\"}],\"inLanguage\":\"en-US\"}]}<\/script>\n<!-- \/ Yoast SEO plugin. -->","yoast_head_json":{"title":"News - Ch\u00e2teau Turcan, domaine dans le Luberon","description":"News et actualit\u00e9s du Ch\u00e2teau Turcan, un domaine nich\u00e9 au c\u0153ur du parc r\u00e9gional du Luberon.","robots":{"index":"index","follow":"follow","max-snippet":"max-snippet:-1","max-image-preview":"max-image-preview:large","max-video-preview":"max-video-preview:-1"},"canonical":"https:\/\/www.chateau-turcan.com\/en\/whats-new\/","og_locale":"en_US","og_type":"article","og_title":"News - Ch\u00e2teau Turcan, domaine dans le Luberon","og_description":"News et actualit\u00e9s du Ch\u00e2teau Turcan, un domaine nich\u00e9 au c\u0153ur du parc r\u00e9gional du Luberon.","og_url":"https:\/\/www.chateau-turcan.com\/en\/whats-new\/","og_site_name":"Ch\u00e2teau Turcan","article_publisher":"https:\/\/www.facebook.com\/profile.php?id=100014899874251","article_modified_time":"2019-11-26T08:36:06+00:00","og_image":[{"width":880,"height":660,"url":"https:\/\/www.chateau-turcan.com\/wp-content\/uploads\/2018\/06\/fb-turcan.jpg","type":"image\/jpeg"}],"twitter_card":"summary_large_image","twitter_misc":{"Est. reading time":"2 minutes"},"schema":{"@context":"https:\/\/schema.org","@graph":[{"@type":"WebPage","@id":"https:\/\/www.chateau-turcan.com\/en\/whats-new\/","url":"https:\/\/www.chateau-turcan.com\/en\/whats-new\/","name":"News - Ch\u00e2teau Turcan, domaine dans le Luberon","isPartOf":{"@id":"https:\/\/www.chateau-turcan.com\/en\/#website"},"datePublished":"2019-11-26T08:20:57+00:00","dateModified":"2019-11-26T08:36:06+00:00","description":"News et actualit\u00e9s du Ch\u00e2teau Turcan, un domaine nich\u00e9 au c\u0153ur du parc r\u00e9gional du Luberon.","breadcrumb":{"@id":"https:\/\/www.chateau-turcan.com\/en\/whats-new\/#breadcrumb"},"inLanguage":"en-US","potentialAction":[{"@type":"ReadAction","target":["https:\/\/www.chateau-turcan.com\/en\/whats-new\/"]}]},{"@type":"BreadcrumbList","@id":"https:\/\/www.chateau-turcan.com\/en\/whats-new\/#breadcrumb","itemListElement":[{"@type":"ListItem","position":1,"name":"Accueil","item":"https:\/\/www.chateau-turcan.com\/en\/"},{"@type":"ListItem","position":2,"name":"What&#8217;s new ?"}]},{"@type":"WebSite","@id":"https:\/\/www.chateau-turcan.com\/en\/#website","url":"https:\/\/www.chateau-turcan.com\/en\/","name":"Ch\u00e2teau Turcan","description":"Domaine viticole, g\u00eete et mus\u00e9e \u00e0 Ansouis","potentialAction":[{"@type":"SearchAction","target":{"@type":"EntryPoint","urlTemplate":"https:\/\/www.chateau-turcan.com\/en\/?s={search_term_string}"},"query-input":"required name=search_term_string"}],"inLanguage":"en-US"}]}},"_links":{"self":[{"href":"https:\/\/www.chateau-turcan.com\/en\/wp-json\/wp\/v2\/pages\/2709"}],"collection":[{"href":"https:\/\/www.chateau-turcan.com\/en\/wp-json\/wp\/v2\/pages"}],"about":[{"href":"https:\/\/www.chateau-turcan.com\/en\/wp-json\/wp\/v2\/types\/page"}],"author":[{"embeddable":true,"href":"https:\/\/www.chateau-turcan.com\/en\/wp-json\/wp\/v2\/users\/3"}],"replies":[{"embeddable":true,"href":"https:\/\/www.chateau-turcan.com\/en\/wp-json\/wp\/v2\/comments?post=2709"}],"version-history":[{"count":1,"href":"https:\/\/www.chateau-turcan.com\/en\/wp-json\/wp\/v2\/pages\/2709\/revisions"}],"predecessor-version":[{"id":2710,"href":"https:\/\/www.chateau-turcan.com\/en\/wp-json\/wp\/v2\/pages\/2709\/revisions\/2710"}],"wp:attachment":[{"href":"https:\/\/www.chateau-turcan.com\/en\/wp-json\/wp\/v2\/media?parent=2709"}],"curies":[{"name":"wp","href":"https:\/\/api.w.org\/{rel}","templated":true}]}}